{"id":26277,"date":"2018-09-14T12:57:35","date_gmt":"2018-09-14T15:57:35","guid":{"rendered":"https:\/\/seminario2018.ceppes.org.br\/?page_id=26277"},"modified":"2018-09-18T08:58:08","modified_gmt":"2018-09-18T11:58:08","slug":"organizacao-2","status":"publish","type":"page","link":"https:\/\/seminario2018.ceppes.org.br\/?page_id=26277","title":{"rendered":"Organiza\u00e7\u00e3o"},"content":{"rendered":"<p>[et_pb_section bb_built=&#8221;1&#8243;][et_pb_row][et_pb_column type=&#8221;4_4&#8243;][et_pb_text _builder_version=&#8221;3.13.1&#8243;]<\/p>\n<h2 style=\"text-align: center;\">Comiss\u00e3o de Organiza\u00e7\u00e3o<\/h2>\n<h4><\/h4>\n<h4><span style=\"color: #000000;\">Adelmar Santos de Ara\u00fajo (CEPPES-GO\/Fac Araguaia)<\/span><\/h4>\n<h4><span style=\"color: #000000;\">Ana Alice Teixeira Pereira (CEPPES)<\/span><\/h4>\n<h4><span style=\"color: #000000;\">Antonio C\u00edcero Cassiano Sousa (CEPPES\/FAETEC)<\/span><\/h4>\n<h4><span style=\"color: #000000;\">Bianka de Jesus (Jornal Inverta\/CEPPES\/UERJ)<\/span><\/h4>\n<h4><span style=\"color: #000000;\">Camila Milani (CNCNS-SP)<\/span><\/h4>\n<h4><span style=\"color: #000000;\">Georgina de Queiroz dos Santos (CEPPES\/UNISUAM)<\/span><\/h4>\n<h4><span style=\"color: #000000;\">Haroldo Moura (CEPPES)<\/span><\/h4>\n<h4><span style=\"color: #000000;\">Isaac Miguel Silva (Cooperativa Inverta)<\/span><\/h4>\n<h4><span style=\"color: #000000;\">Jacqueline Alves (Cooperativa Inverta)<\/span><\/h4>\n<h4><span style=\"color: #000000;\">Jer\u00f4nimo Miguel Silva (Jornal Inverta)<\/span><\/h4>\n<h4><span style=\"color: #000000;\">Jorge Ferreira (Jornal Inverta)<\/span><\/h4>\n<h4><span style=\"color: #000000;\">Josiel Morais (CEPPES)<\/span><\/h4>\n<h4><span style=\"color: #000000;\">Julio Cesar Lobo (Jornal Inverta)<\/span><\/h4>\n<h4><span style=\"color: #000000;\">Karine Aguiar (PCML)<\/span><\/h4>\n<h4><span style=\"color: #000000;\">Marcia Mascarenhas (CEPPES\/Jornal Inverta)<\/span><\/h4>\n<h4><span style=\"color: #000000;\">Michel Damasceno (Juventude 5 de Julho)<\/span><\/h4>\n<h4><span style=\"color: #000000;\">Osmarina Portal (PCML)<\/span><\/h4>\n<h4><span style=\"color: #000000;\">Sebasti\u00e3o Matias de Carvalho Neto (CNCNS-CE)<\/span><\/h4>\n<h4><span style=\"color: #000000;\">Sidnei Morais Martins (CNCNS)<\/span><\/h4>\n<p>[\/et_pb_text][\/et_pb_column][\/et_pb_row][\/et_pb_section]<\/p>\n","protected":false},"excerpt":{"rendered":"<p><div class=\"et_pb_row et_pb_row_0 et_pb_row_empty\">\n\t\t\t\t\n\t\t\t\t\n\t\t\t\t\n\t\t\t\t\n\t\t\t\t\n\t\t\t<\/div> Comiss\u00e3o de Organiza\u00e7\u00e3o Adelmar Santos de Ara\u00fajo (CEPPES-GO\/Fac Araguaia) Ana Alice Teixeira Pereira (CEPPES) Antonio C\u00edcero Cassiano Sousa (CEPPES\/FAETEC) Bianka de Jesus (Jornal Inverta\/CEPPES\/UERJ) Camila Milani (CNCNS-SP) Georgina de [&hellip;]<\/p>\n","protected":false},"author":1,"featured_media":0,"parent":0,"menu_order":0,"comment_status":"closed","ping_status":"closed","template":"","meta":{"_et_pb_use_builder":"on","_et_pb_old_content":"","_et_gb_content_width":"","footnotes":""},"_links":{"self":[{"href":"https:\/\/seminario2018.ceppes.org.br\/index.php?rest_route=\/wp\/v2\/pages\/26277"}],"collection":[{"href":"https:\/\/seminario2018.ceppes.org.br\/index.php?rest_route=\/wp\/v2\/pages"}],"about":[{"href":"https:\/\/seminario2018.ceppes.org.br\/index.php?rest_route=\/wp\/v2\/types\/page"}],"author":[{"embeddable":true,"href":"https:\/\/seminario2018.ceppes.org.br\/index.php?rest_route=\/wp\/v2\/users\/1"}],"replies":[{"embeddable":true,"href":"https:\/\/seminario2018.ceppes.org.br\/index.php?rest_route=%2Fwp%2Fv2%2Fcomments&post=26277"}],"version-history":[{"count":11,"href":"https:\/\/seminario2018.ceppes.org.br\/index.php?rest_route=\/wp\/v2\/pages\/26277\/revisions"}],"predecessor-version":[{"id":26336,"href":"https:\/\/seminario2018.ceppes.org.br\/index.php?rest_route=\/wp\/v2\/pages\/26277\/revisions\/26336"}],"wp:attachment":[{"href":"https:\/\/seminario2018.ceppes.org.br\/index.php?rest_route=%2Fwp%2Fv2%2Fmedia&parent=26277"}],"curies":[{"name":"wp","href":"https:\/\/api.w.org\/{rel}","templated":true}]}}